{"id":22,"date":"2018-08-02T11:17:43","date_gmt":"2018-08-02T09:17:43","guid":{"rendered":"http:\/\/swisspostercollection.ch\/?page_id=22"},"modified":"2026-01-21T11:40:56","modified_gmt":"2026-01-21T10:40:56","slug":"actualite","status":"publish","type":"page","link":"https:\/\/schweizerplakatsammlungen.ch\/fr\/actualite\/","title":{"rendered":"Actualit\u00e9s"},"content":{"rendered":"\t\t<div data-elementor-type=\"wp-page\" data-elementor-id=\"22\" class=\"elementor elementor-22\" data-elementor-post-type=\"page\">\n\t\t\t\t<div class=\"elementor-element elementor-element-cc30b41 e-con-full e-flex elementor-invisible e-con e-parent\" data-id=\"cc30b41\" data-element_type=\"container\" data-e-type=\"container\" data-settings=\"{&quot;animation&quot;:&quot;fadeInDown&quot;,&quot;sticky&quot;:&quot;top&quot;,&quot;sticky_on&quot;:[&quot;desktop&quot;,&quot;tablet&quot;,&quot;mobile&quot;],&quot;sticky_offset&quot;:0,&quot;sticky_effects_offset&quot;:0,&quot;sticky_anchor_link_offset&quot;:0}\">\n\t\t\t\t<div class=\"elementor-element elementor-element-fef46bb elementor-widget elementor-widget-heading\" data-id=\"fef46bb\" data-element_type=\"widget\" data-e-type=\"widget\" data-widget_type=\"heading.default\">\n\t\t\t\t\t<h1 class=\"elementor-heading-title elementor-size-default\">Actualit\u00e9<\/h1>\t\t\t\t<\/div>\n\t\t\t\t<\/div>\n\t\t<div class=\"elementor-element elementor-element-a585b8b animated-slow e-flex e-con-boxed elementor-invisible e-con e-parent\" data-id=\"a585b8b\" data-element_type=\"container\" data-e-type=\"container\" data-settings=\"{&quot;animation&quot;:&quot;fadeInUp&quot;}\">\n\t\t\t\t\t<div class=\"e-con-inner\">\n\t\t\t\t<div class=\"elementor-element elementor-element-ec2f3bf elementor-posts--thumbnail-none elementor-posts__hover-none elementor-grid-3 elementor-grid-tablet-2 elementor-grid-mobile-1 elementor-widget elementor-widget-posts\" data-id=\"ec2f3bf\" data-element_type=\"widget\" data-e-type=\"widget\" data-settings=\"{&quot;cards_columns&quot;:&quot;3&quot;,&quot;cards_columns_tablet&quot;:&quot;2&quot;,&quot;cards_columns_mobile&quot;:&quot;1&quot;,&quot;cards_row_gap&quot;:{&quot;unit&quot;:&quot;px&quot;,&quot;size&quot;:35,&quot;sizes&quot;:[]},&quot;cards_row_gap_tablet&quot;:{&quot;unit&quot;:&quot;px&quot;,&quot;size&quot;:&quot;&quot;,&quot;sizes&quot;:[]},&quot;cards_row_gap_mobile&quot;:{&quot;unit&quot;:&quot;px&quot;,&quot;size&quot;:&quot;&quot;,&quot;sizes&quot;:[]}}\" data-widget_type=\"posts.cards\">\n\t\t\t\t<div class=\"elementor-widget-container\">\n\t\t\t\t\t\t\t<div class=\"elementor-posts-container elementor-posts elementor-posts--skin-cards elementor-grid\" role=\"list\">\n\t\t\t\t<article class=\"elementor-post elementor-grid-item post-988 post type-post status-publish format-standard hentry category-non-classifiee\" role=\"listitem\">\n\t\t\t<div class=\"elementor-post__card\">\n\t\t\t\t<div class=\"elementor-post__text\">\n\t\t\t\t<h3 class=\"elementor-post__title\">\n\t\t\t<a href=\"https:\/\/schweizerplakatsammlungen.ch\/fr\/bibliographie-sur-laffiche-en-suisse\/\" >\n\t\t\t\tBibliographie sur l\u2019affiche en Suisse jusqu&rsquo;en 2024\t\t\t<\/a>\n\t\t<\/h3>\n\t\t\t\t<\/div>\n\t\t\t\t<div class=\"elementor-post__meta-data\">\n\t\t\t\t\t<span class=\"elementor-post-date\">\n\t\t\t29 f\u00e9vrier 2024\t\t<\/span>\n\t\t\t\t<\/div>\n\t\t\t\t\t<\/div>\n\t\t<\/article>\n\t\t\t\t<article class=\"elementor-post elementor-grid-item post-1308 post type-post status-publish format-standard hentry category-non-classifiee\" role=\"listitem\">\n\t\t\t<div class=\"elementor-post__card\">\n\t\t\t\t<div class=\"elementor-post__text\">\n\t\t\t\t<h3 class=\"elementor-post__title\">\n\t\t\t<a href=\"https:\/\/schweizerplakatsammlungen.ch\/fr\/on-saffiche-le-mardi-au-musee-historique-de-lausanne\/\" >\n\t\t\t\tOn s&rsquo;affiche, le mardi au Mus\u00e9e Historique Lausanne\t\t\t<\/a>\n\t\t<\/h3>\n\t\t\t\t<\/div>\n\t\t\t\t<div class=\"elementor-post__meta-data\">\n\t\t\t\t\t<span class=\"elementor-post-date\">\n\t\t\t26 f\u00e9vrier 2024\t\t<\/span>\n\t\t\t\t<\/div>\n\t\t\t\t\t<\/div>\n\t\t<\/article>\n\t\t\t\t<article class=\"elementor-post elementor-grid-item post-1306 post type-post status-publish format-standard hentry category-non-classifiee\" role=\"listitem\">\n\t\t\t<div class=\"elementor-post__card\">\n\t\t\t\t<div class=\"elementor-post__text\">\n\t\t\t\t<h3 class=\"elementor-post__title\">\n\t\t\t<a href=\"https:\/\/schweizerplakatsammlungen.ch\/fr\/les-jeudis-midi-de-laffiche-a-la-bibliotheque-de-geneve\/\" >\n\t\t\t\tLes jeudis midi de l\u2019affiche \u00e0 la Biblioth\u00e8que de Gen\u00e8ve\t\t\t<\/a>\n\t\t<\/h3>\n\t\t\t\t<\/div>\n\t\t\t\t<div class=\"elementor-post__meta-data\">\n\t\t\t\t\t<span class=\"elementor-post-date\">\n\t\t\t26 f\u00e9vrier 2024\t\t<\/span>\n\t\t\t\t<\/div>\n\t\t\t\t\t<\/div>\n\t\t<\/article>\n\t\t\t\t<\/div>\n\t\t\n\t\t\t\t\t\t<\/div>\n\t\t\t\t<\/div>\n\t\t\t\t\t<\/div>\n\t\t\t\t<\/div>\n\t\t\t\t<\/div>\n\t\t","protected":false},"excerpt":{"rendered":"<p>Actualit\u00e9<\/p>\n","protected":false},"author":1,"featured_media":0,"parent":0,"menu_order":0,"comment_status":"closed","ping_status":"closed","template":"","meta":{"footnotes":""},"class_list":["post-22","page","type-page","status-publish","hentry"],"yoast_head":"<!-- This site is optimized with the Yoast SEO plugin v27.4 - https:\/\/yoast.com\/product\/yoast-seo-wordpress\/ -->\n<title>Actualit\u00e9s - ACCSA | Association Catalogue Collectif Suisse des Affiches<\/title>\n<meta name=\"robots\" content=\"index, follow, max-snippet:-1, max-image-preview:large, max-video-preview:-1\" \/>\n<link rel=\"canonical\" href=\"https:\/\/schweizerplakatsammlungen.ch\/fr\/actualite\/\" \/>\n<meta property=\"og:locale\" content=\"fr_FR\" \/>\n<meta property=\"og:type\" content=\"article\" \/>\n<meta property=\"og:title\" content=\"Actualit\u00e9s - ACCSA | Association Catalogue Collectif Suisse des Affiches\" \/>\n<meta property=\"og:description\" content=\"Actualit\u00e9\" \/>\n<meta property=\"og:url\" content=\"https:\/\/schweizerplakatsammlungen.ch\/fr\/actualite\/\" \/>\n<meta property=\"og:site_name\" content=\"ACCSA | Association Catalogue Collectif Suisse des Affiches\" \/>\n<meta property=\"article:modified_time\" content=\"2026-01-21T10:40:56+00:00\" \/>\n<meta name=\"twitter:card\" content=\"summary_large_image\" \/>\n<meta name=\"twitter:label1\" content=\"Dur\u00e9e de lecture estim\u00e9e\" \/>\n\t<meta name=\"twitter:data1\" content=\"1 minute\" \/>\n<script type=\"application\/ld+json\" class=\"yoast-schema-graph\">{\"@context\":\"https:\\\/\\\/schema.org\",\"@graph\":[{\"@type\":\"WebPage\",\"@id\":\"https:\\\/\\\/schweizerplakatsammlungen.ch\\\/fr\\\/actualite\\\/\",\"url\":\"https:\\\/\\\/schweizerplakatsammlungen.ch\\\/fr\\\/actualite\\\/\",\"name\":\"Actualit\u00e9s - ACCSA | Association Catalogue Collectif Suisse des Affiches\",\"isPartOf\":{\"@id\":\"https:\\\/\\\/schweizerplakatsammlungen.ch\\\/#website\"},\"datePublished\":\"2018-08-02T09:17:43+00:00\",\"dateModified\":\"2026-01-21T10:40:56+00:00\",\"breadcrumb\":{\"@id\":\"https:\\\/\\\/schweizerplakatsammlungen.ch\\\/fr\\\/actualite\\\/#breadcrumb\"},\"inLanguage\":\"fr-FR\",\"potentialAction\":[{\"@type\":\"ReadAction\",\"target\":[\"https:\\\/\\\/schweizerplakatsammlungen.ch\\\/fr\\\/actualite\\\/\"]}]},{\"@type\":\"BreadcrumbList\",\"@id\":\"https:\\\/\\\/schweizerplakatsammlungen.ch\\\/fr\\\/actualite\\\/#breadcrumb\",\"itemListElement\":[{\"@type\":\"ListItem\",\"position\":1,\"name\":\"Accueil\",\"item\":\"https:\\\/\\\/schweizerplakatsammlungen.ch\\\/fr\\\/\"},{\"@type\":\"ListItem\",\"position\":2,\"name\":\"Actualit\u00e9s\"}]},{\"@type\":\"WebSite\",\"@id\":\"https:\\\/\\\/schweizerplakatsammlungen.ch\\\/#website\",\"url\":\"https:\\\/\\\/schweizerplakatsammlungen.ch\\\/\",\"name\":\"ACCSA | Association Catalogue Collectif Suisse des Affiches\",\"description\":\"\",\"potentialAction\":[{\"@type\":\"SearchAction\",\"target\":{\"@type\":\"EntryPoint\",\"urlTemplate\":\"https:\\\/\\\/schweizerplakatsammlungen.ch\\\/?s={search_term_string}\"},\"query-input\":{\"@type\":\"PropertyValueSpecification\",\"valueRequired\":true,\"valueName\":\"search_term_string\"}}],\"inLanguage\":\"fr-FR\"}]}<\/script>\n<!-- \/ Yoast SEO plugin. -->","yoast_head_json":{"title":"Actualit\u00e9s - ACCSA | Association Catalogue Collectif Suisse des Affiches","robots":{"index":"index","follow":"follow","max-snippet":"max-snippet:-1","max-image-preview":"max-image-preview:large","max-video-preview":"max-video-preview:-1"},"canonical":"https:\/\/schweizerplakatsammlungen.ch\/fr\/actualite\/","og_locale":"fr_FR","og_type":"article","og_title":"Actualit\u00e9s - ACCSA | Association Catalogue Collectif Suisse des Affiches","og_description":"Actualit\u00e9","og_url":"https:\/\/schweizerplakatsammlungen.ch\/fr\/actualite\/","og_site_name":"ACCSA | Association Catalogue Collectif Suisse des Affiches","article_modified_time":"2026-01-21T10:40:56+00:00","twitter_card":"summary_large_image","twitter_misc":{"Dur\u00e9e de lecture estim\u00e9e":"1 minute"},"schema":{"@context":"https:\/\/schema.org","@graph":[{"@type":"WebPage","@id":"https:\/\/schweizerplakatsammlungen.ch\/fr\/actualite\/","url":"https:\/\/schweizerplakatsammlungen.ch\/fr\/actualite\/","name":"Actualit\u00e9s - ACCSA | Association Catalogue Collectif Suisse des Affiches","isPartOf":{"@id":"https:\/\/schweizerplakatsammlungen.ch\/#website"},"datePublished":"2018-08-02T09:17:43+00:00","dateModified":"2026-01-21T10:40:56+00:00","breadcrumb":{"@id":"https:\/\/schweizerplakatsammlungen.ch\/fr\/actualite\/#breadcrumb"},"inLanguage":"fr-FR","potentialAction":[{"@type":"ReadAction","target":["https:\/\/schweizerplakatsammlungen.ch\/fr\/actualite\/"]}]},{"@type":"BreadcrumbList","@id":"https:\/\/schweizerplakatsammlungen.ch\/fr\/actualite\/#breadcrumb","itemListElement":[{"@type":"ListItem","position":1,"name":"Accueil","item":"https:\/\/schweizerplakatsammlungen.ch\/fr\/"},{"@type":"ListItem","position":2,"name":"Actualit\u00e9s"}]},{"@type":"WebSite","@id":"https:\/\/schweizerplakatsammlungen.ch\/#website","url":"https:\/\/schweizerplakatsammlungen.ch\/","name":"ACCSA | Association Catalogue Collectif Suisse des Affiches","description":"","potentialAction":[{"@type":"SearchAction","target":{"@type":"EntryPoint","urlTemplate":"https:\/\/schweizerplakatsammlungen.ch\/?s={search_term_string}"},"query-input":{"@type":"PropertyValueSpecification","valueRequired":true,"valueName":"search_term_string"}}],"inLanguage":"fr-FR"}]}},"_links":{"self":[{"href":"https:\/\/schweizerplakatsammlungen.ch\/fr\/wp-json\/wp\/v2\/pages\/22","targetHints":{"allow":["GET"]}}],"collection":[{"href":"https:\/\/schweizerplakatsammlungen.ch\/fr\/wp-json\/wp\/v2\/pages"}],"about":[{"href":"https:\/\/schweizerplakatsammlungen.ch\/fr\/wp-json\/wp\/v2\/types\/page"}],"author":[{"embeddable":true,"href":"https:\/\/schweizerplakatsammlungen.ch\/fr\/wp-json\/wp\/v2\/users\/1"}],"replies":[{"embeddable":true,"href":"https:\/\/schweizerplakatsammlungen.ch\/fr\/wp-json\/wp\/v2\/comments?post=22"}],"version-history":[{"count":13,"href":"https:\/\/schweizerplakatsammlungen.ch\/fr\/wp-json\/wp\/v2\/pages\/22\/revisions"}],"predecessor-version":[{"id":1907,"href":"https:\/\/schweizerplakatsammlungen.ch\/fr\/wp-json\/wp\/v2\/pages\/22\/revisions\/1907"}],"wp:attachment":[{"href":"https:\/\/schweizerplakatsammlungen.ch\/fr\/wp-json\/wp\/v2\/media?parent=22"}],"curies":[{"name":"wp","href":"https:\/\/api.w.org\/{rel}","templated":true}]}}