{"id":24,"date":"2018-08-02T11:18:02","date_gmt":"2018-08-02T09:18:02","guid":{"rendered":"http:\/\/swisspostercollection.ch\/?page_id=24"},"modified":"2026-03-09T11:48:36","modified_gmt":"2026-03-09T10:48:36","slug":"collection","status":"publish","type":"page","link":"https:\/\/schweizerplakatsammlungen.ch\/fr\/collection\/","title":{"rendered":"Collection"},"content":{"rendered":"\t\t<div data-elementor-type=\"wp-page\" data-elementor-id=\"24\" class=\"elementor elementor-24\" data-elementor-post-type=\"page\">\n\t\t\t\t<div class=\"elementor-element elementor-element-5a7ae02 e-con-full e-flex elementor-invisible e-con e-parent\" data-id=\"5a7ae02\" data-element_type=\"container\" data-e-type=\"container\" data-settings=\"{&quot;animation&quot;:&quot;fadeInDown&quot;}\">\n\t\t\t\t<div class=\"elementor-element elementor-element-32ea25f elementor-widget elementor-widget-heading\" data-id=\"32ea25f\" data-element_type=\"widget\" data-e-type=\"widget\" data-widget_type=\"heading.default\">\n\t\t\t\t\t<h1 class=\"elementor-heading-title elementor-size-default\">COLLECTION<\/h1>\t\t\t\t<\/div>\n\t\t\t\t<\/div>\n\t\t<div class=\"elementor-element elementor-element-6a118a43 animated-slow e-flex e-con-boxed elementor-invisible e-con e-parent\" data-id=\"6a118a43\" data-element_type=\"container\" data-e-type=\"container\" data-settings=\"{&quot;animation&quot;:&quot;fadeInUp&quot;}\">\n\t\t\t\t\t<div class=\"e-con-inner\">\n\t\t\t\t<div class=\"elementor-element elementor-element-43ac7d81 elementor-widget elementor-widget-text-editor\" data-id=\"43ac7d81\" data-element_type=\"widget\" data-e-type=\"widget\" data-widget_type=\"text-editor.default\">\n\t\t\t\t\t\t\t\t\t<h2>Le concept de collection de l&rsquo;association collections suisses d&rsquo;affiches CSA<\/h2><p>Le Cabinet des Estampe (CdE) de la Biblioth\u00e8que nationale suisse a re\u00e7u le mandat l\u00e9gal de conserver le patrimoine artistique et \u00e9crit de la Suisse, de le cataloguer et de mettre ses fonds \u00e0 disposition du public, des institutions et des chercheurs. Cette mission englobe aussi la constitution d\u2019une collection d\u2019Helvetica la plus compl\u00e8te possible dans le domaine des affiches.<\/p><p>Les CSA ont adopt\u00e9 un concept global de collection qui r\u00e9git de mani\u00e8re contraignante la r\u00e9colte d\u2019affiches par les institutions membres, visant \u00e0 la constitution d\u2019une collection partag\u00e9e d\u2019affiches Helvetica la plus compl\u00e8te possible, tout en respectant le profil sp\u00e9cifique ce chaque institution. Cette compl\u00e9tude est mise en \u0153uvre gr\u00e2ce \u00e0 la collecte et l\u2019archivage des affiches par l\u2019ensemble des membres des CSA \u00e0 travers la Suisse. Le CdE \/ BN voit, gr\u00e2ce \u00e0 cette collaboration des CSA, l\u2019accomplissement de son mandat.<\/p><p>Le Catalogue collectif suisse des affiches (CCSA) est plac\u00e9 sous la direction du CdE \/ BN depuis 1998, comme projet de coop\u00e9ration avec les membres des CSA. Il vise \u00e0 rendre compte virtuellement de l\u2019objectif d\u2019exhaustivit\u00e9 fix\u00e9 la collection partag\u00e9e d\u2019affiches. Les membres acc\u00e8dent au CCSA et l\u2019enrichissent selon des r\u00e8gles communes. <strong><a href=\"https:\/\/nb-posters.primo.exlibrisgroup.com\/discovery\/search?vid=41SNL_53_INST:posters&amp;sortby=rank&amp;lang=fr\" target=\"_blank\" rel=\"noopener noreferrer\">Ce catalogue est accessible en ligne<\/a>.<\/strong><\/p><h4><a href=\"http:\/\/schweizerplakatsammlungen.ch\/wp-content\/uploads\/SPS_CSA-Sammelkonzept.pdf\" target=\"_blank\" rel=\"noopener noreferrer\"><strong>Le concept de collection peut \u00eatre consult\u00e9 ici (allemand \/ fran\u00e7ais).<\/strong><\/a><\/h4>\t\t\t\t\t\t\t\t<\/div>\n\t\t\t\t\t<\/div>\n\t\t\t\t<\/div>\n\t\t\t\t<\/div>\n\t\t","protected":false},"excerpt":{"rendered":"<p>COLLECTION Le concept de collection de l&rsquo;association collections suisses d&rsquo;affiches CSA Le Cabinet des Estampe (CdE) de la Biblioth\u00e8que nationale suisse a re\u00e7u le mandat l\u00e9gal de conserver le patrimoine artistique et \u00e9crit de la Suisse, de le cataloguer et de mettre ses fonds \u00e0 disposition du public, des institutions et des chercheurs. Cette mission [&hellip;]<\/p>\n","protected":false},"author":1,"featured_media":0,"parent":0,"menu_order":0,"comment_status":"closed","ping_status":"closed","template":"","meta":{"footnotes":""},"class_list":["post-24","page","type-page","status-publish","hentry"],"yoast_head":"<!-- This site is optimized with the Yoast SEO plugin v27.5 - https:\/\/yoast.com\/product\/yoast-seo-wordpress\/ -->\n<title>Collection - ACCSA | Association Catalogue Collectif Suisse des Affiches<\/title>\n<meta name=\"robots\" content=\"index, follow, max-snippet:-1, max-image-preview:large, max-video-preview:-1\" \/>\n<link rel=\"canonical\" href=\"https:\/\/schweizerplakatsammlungen.ch\/fr\/collection\/\" \/>\n<meta property=\"og:locale\" content=\"fr_FR\" \/>\n<meta property=\"og:type\" content=\"article\" \/>\n<meta property=\"og:title\" content=\"Collection - ACCSA | Association Catalogue Collectif Suisse des Affiches\" \/>\n<meta property=\"og:description\" content=\"COLLECTION Le concept de collection de l&rsquo;association collections suisses d&rsquo;affiches CSA Le Cabinet des Estampe (CdE) de la Biblioth\u00e8que nationale suisse a re\u00e7u le mandat l\u00e9gal de conserver le patrimoine artistique et \u00e9crit de la Suisse, de le cataloguer et de mettre ses fonds \u00e0 disposition du public, des institutions et des chercheurs. Cette mission [&hellip;]\" \/>\n<meta property=\"og:url\" content=\"https:\/\/schweizerplakatsammlungen.ch\/fr\/collection\/\" \/>\n<meta property=\"og:site_name\" content=\"ACCSA | Association Catalogue Collectif Suisse des Affiches\" \/>\n<meta property=\"article:modified_time\" content=\"2026-03-09T10:48:36+00:00\" \/>\n<meta name=\"twitter:card\" content=\"summary_large_image\" \/>\n<meta name=\"twitter:label1\" content=\"Dur\u00e9e de lecture estim\u00e9e\" \/>\n\t<meta name=\"twitter:data1\" content=\"2 minutes\" \/>\n<script type=\"application\/ld+json\" class=\"yoast-schema-graph\">{\"@context\":\"https:\\\/\\\/schema.org\",\"@graph\":[{\"@type\":\"WebPage\",\"@id\":\"https:\\\/\\\/schweizerplakatsammlungen.ch\\\/fr\\\/collection\\\/\",\"url\":\"https:\\\/\\\/schweizerplakatsammlungen.ch\\\/fr\\\/collection\\\/\",\"name\":\"Collection - ACCSA | Association Catalogue Collectif Suisse des Affiches\",\"isPartOf\":{\"@id\":\"https:\\\/\\\/schweizerplakatsammlungen.ch\\\/#website\"},\"datePublished\":\"2018-08-02T09:18:02+00:00\",\"dateModified\":\"2026-03-09T10:48:36+00:00\",\"breadcrumb\":{\"@id\":\"https:\\\/\\\/schweizerplakatsammlungen.ch\\\/fr\\\/collection\\\/#breadcrumb\"},\"inLanguage\":\"fr-FR\",\"potentialAction\":[{\"@type\":\"ReadAction\",\"target\":[\"https:\\\/\\\/schweizerplakatsammlungen.ch\\\/fr\\\/collection\\\/\"]}]},{\"@type\":\"BreadcrumbList\",\"@id\":\"https:\\\/\\\/schweizerplakatsammlungen.ch\\\/fr\\\/collection\\\/#breadcrumb\",\"itemListElement\":[{\"@type\":\"ListItem\",\"position\":1,\"name\":\"Accueil\",\"item\":\"https:\\\/\\\/schweizerplakatsammlungen.ch\\\/fr\\\/\"},{\"@type\":\"ListItem\",\"position\":2,\"name\":\"Collection\"}]},{\"@type\":\"WebSite\",\"@id\":\"https:\\\/\\\/schweizerplakatsammlungen.ch\\\/#website\",\"url\":\"https:\\\/\\\/schweizerplakatsammlungen.ch\\\/\",\"name\":\"ACCSA | Association Catalogue Collectif Suisse des Affiches\",\"description\":\"\",\"potentialAction\":[{\"@type\":\"SearchAction\",\"target\":{\"@type\":\"EntryPoint\",\"urlTemplate\":\"https:\\\/\\\/schweizerplakatsammlungen.ch\\\/?s={search_term_string}\"},\"query-input\":{\"@type\":\"PropertyValueSpecification\",\"valueRequired\":true,\"valueName\":\"search_term_string\"}}],\"inLanguage\":\"fr-FR\"}]}<\/script>\n<!-- \/ Yoast SEO plugin. -->","yoast_head_json":{"title":"Collection - ACCSA | Association Catalogue Collectif Suisse des Affiches","robots":{"index":"index","follow":"follow","max-snippet":"max-snippet:-1","max-image-preview":"max-image-preview:large","max-video-preview":"max-video-preview:-1"},"canonical":"https:\/\/schweizerplakatsammlungen.ch\/fr\/collection\/","og_locale":"fr_FR","og_type":"article","og_title":"Collection - ACCSA | Association Catalogue Collectif Suisse des Affiches","og_description":"COLLECTION Le concept de collection de l&rsquo;association collections suisses d&rsquo;affiches CSA Le Cabinet des Estampe (CdE) de la Biblioth\u00e8que nationale suisse a re\u00e7u le mandat l\u00e9gal de conserver le patrimoine artistique et \u00e9crit de la Suisse, de le cataloguer et de mettre ses fonds \u00e0 disposition du public, des institutions et des chercheurs. Cette mission [&hellip;]","og_url":"https:\/\/schweizerplakatsammlungen.ch\/fr\/collection\/","og_site_name":"ACCSA | Association Catalogue Collectif Suisse des Affiches","article_modified_time":"2026-03-09T10:48:36+00:00","twitter_card":"summary_large_image","twitter_misc":{"Dur\u00e9e de lecture estim\u00e9e":"2 minutes"},"schema":{"@context":"https:\/\/schema.org","@graph":[{"@type":"WebPage","@id":"https:\/\/schweizerplakatsammlungen.ch\/fr\/collection\/","url":"https:\/\/schweizerplakatsammlungen.ch\/fr\/collection\/","name":"Collection - ACCSA | Association Catalogue Collectif Suisse des Affiches","isPartOf":{"@id":"https:\/\/schweizerplakatsammlungen.ch\/#website"},"datePublished":"2018-08-02T09:18:02+00:00","dateModified":"2026-03-09T10:48:36+00:00","breadcrumb":{"@id":"https:\/\/schweizerplakatsammlungen.ch\/fr\/collection\/#breadcrumb"},"inLanguage":"fr-FR","potentialAction":[{"@type":"ReadAction","target":["https:\/\/schweizerplakatsammlungen.ch\/fr\/collection\/"]}]},{"@type":"BreadcrumbList","@id":"https:\/\/schweizerplakatsammlungen.ch\/fr\/collection\/#breadcrumb","itemListElement":[{"@type":"ListItem","position":1,"name":"Accueil","item":"https:\/\/schweizerplakatsammlungen.ch\/fr\/"},{"@type":"ListItem","position":2,"name":"Collection"}]},{"@type":"WebSite","@id":"https:\/\/schweizerplakatsammlungen.ch\/#website","url":"https:\/\/schweizerplakatsammlungen.ch\/","name":"ACCSA | Association Catalogue Collectif Suisse des Affiches","description":"","potentialAction":[{"@type":"SearchAction","target":{"@type":"EntryPoint","urlTemplate":"https:\/\/schweizerplakatsammlungen.ch\/?s={search_term_string}"},"query-input":{"@type":"PropertyValueSpecification","valueRequired":true,"valueName":"search_term_string"}}],"inLanguage":"fr-FR"}]}},"_links":{"self":[{"href":"https:\/\/schweizerplakatsammlungen.ch\/fr\/wp-json\/wp\/v2\/pages\/24","targetHints":{"allow":["GET"]}}],"collection":[{"href":"https:\/\/schweizerplakatsammlungen.ch\/fr\/wp-json\/wp\/v2\/pages"}],"about":[{"href":"https:\/\/schweizerplakatsammlungen.ch\/fr\/wp-json\/wp\/v2\/types\/page"}],"author":[{"embeddable":true,"href":"https:\/\/schweizerplakatsammlungen.ch\/fr\/wp-json\/wp\/v2\/users\/1"}],"replies":[{"embeddable":true,"href":"https:\/\/schweizerplakatsammlungen.ch\/fr\/wp-json\/wp\/v2\/comments?post=24"}],"version-history":[{"count":29,"href":"https:\/\/schweizerplakatsammlungen.ch\/fr\/wp-json\/wp\/v2\/pages\/24\/revisions"}],"predecessor-version":[{"id":2384,"href":"https:\/\/schweizerplakatsammlungen.ch\/fr\/wp-json\/wp\/v2\/pages\/24\/revisions\/2384"}],"wp:attachment":[{"href":"https:\/\/schweizerplakatsammlungen.ch\/fr\/wp-json\/wp\/v2\/media?parent=24"}],"curies":[{"name":"wp","href":"https:\/\/api.w.org\/{rel}","templated":true}]}}