{"id":30,"date":"2018-08-02T11:19:08","date_gmt":"2018-08-02T09:19:08","guid":{"rendered":"http:\/\/swisspostercollection.ch\/?page_id=30"},"modified":"2026-03-09T11:48:58","modified_gmt":"2026-03-09T10:48:58","slug":"liens","status":"publish","type":"page","link":"https:\/\/schweizerplakatsammlungen.ch\/fr\/liens\/","title":{"rendered":"Recherche"},"content":{"rendered":"\t\t<div data-elementor-type=\"wp-page\" data-elementor-id=\"30\" class=\"elementor elementor-30\" data-elementor-post-type=\"page\">\n\t\t\t\t<div class=\"elementor-element elementor-element-82226f9 e-con-full e-flex elementor-invisible e-con e-parent\" data-id=\"82226f9\" data-element_type=\"container\" data-e-type=\"container\" data-settings=\"{&quot;animation&quot;:&quot;fadeInDown&quot;,&quot;sticky&quot;:&quot;top&quot;,&quot;sticky_on&quot;:[&quot;desktop&quot;,&quot;tablet&quot;,&quot;mobile&quot;],&quot;sticky_offset&quot;:0,&quot;sticky_effects_offset&quot;:0,&quot;sticky_anchor_link_offset&quot;:0}\">\n\t\t\t\t<div class=\"elementor-element elementor-element-2711739 elementor-widget elementor-widget-heading\" data-id=\"2711739\" data-element_type=\"widget\" data-e-type=\"widget\" data-widget_type=\"heading.default\">\n\t\t\t\t\t<h1 class=\"elementor-heading-title elementor-size-default\">RECHERCHE<\/h1>\t\t\t\t<\/div>\n\t\t\t\t<\/div>\n\t\t<div class=\"elementor-element elementor-element-ebc5d21 animated-slow e-flex e-con-boxed elementor-invisible e-con e-parent\" data-id=\"ebc5d21\" data-element_type=\"container\" data-e-type=\"container\" data-settings=\"{&quot;animation&quot;:&quot;fadeInUp&quot;}\">\n\t\t\t\t\t<div class=\"e-con-inner\">\n\t\t\t\t<div class=\"elementor-element elementor-element-269a335 elementor-widget elementor-widget-text-editor\" data-id=\"269a335\" data-element_type=\"widget\" data-e-type=\"widget\" data-widget_type=\"text-editor.default\">\n\t\t\t\t\t\t\t\t\t<h2><strong>BIBLIOGRAPHIE<\/strong><\/h2><p>Cette bibliographie offre une premi\u00e8re aide \u00e0 l&rsquo;orientation dans la vaste publication consacr\u00e9e au th\u00e8me de l&rsquo;affiche suisse. Outre la litt\u00e9rature sp\u00e9cialis\u00e9e de base (livres et articles de revues), elle comprend \u00e9galement des ouvrages sur la cr\u00e9ation d&rsquo;affiches dans certains cantons ainsi que des monographies de graphistes et d&rsquo;ateliers graphiques.<\/p><h4 class=\"western\"><a href=\"http:\/\/schweizerplakatsammlungen.ch\/wp-content\/uploads\/Bibliographie-affiches-suisses-Stand-bis-2024_202505.pdf\" target=\"_blank\" rel=\"noopener\">Bibliographie sur l\u2019affiche en Suisse<\/a><\/h4>\t\t\t\t\t\t\t\t<\/div>\n\t\t\t\t\t<\/div>\n\t\t\t\t<\/div>\n\t\t<div class=\"elementor-element elementor-element-5b3bafd7 animated-slow e-flex e-con-boxed elementor-invisible e-con e-parent\" data-id=\"5b3bafd7\" data-element_type=\"container\" data-e-type=\"container\" data-settings=\"{&quot;animation&quot;:&quot;fadeInUp&quot;}\">\n\t\t\t\t\t<div class=\"e-con-inner\">\n\t\t\t\t<div class=\"elementor-element elementor-element-1500db20 elementor-widget elementor-widget-text-editor\" data-id=\"1500db20\" data-element_type=\"widget\" data-e-type=\"widget\" data-widget_type=\"text-editor.default\">\n\t\t\t\t\t\t\t\t\t<h2><strong>CATALOGUES<\/strong><\/h2><h4><a href=\"https:\/\/nb-posters.primo.exlibrisgroup.com\/discovery\/search?vid=41SNL_53_INST:posters&amp;sortby=rank&amp;lang=fr\" target=\"_blank\" rel=\"noopener noreferrer\">Catalogue collectif pour la recherche dans les collections d&rsquo;affiches de:<\/a><\/h4><ul><li>Cabinet d&rsquo;estampes de la Biblioth\u00e8que nationale<\/li><li>Biblioth\u00e8que de Gen\u00e8ve<\/li><li>Biblioth\u00e8que cantonale et universitaire Fribourg BCU<\/li><li>Biblioth\u00e8que publique et universitaire Neuch\u00e2tel BPUN<\/li><li>M\u00e9diath\u00e8que Valais MV inklusive Abtei Saint-Maurice MV<\/li><li>Kantonsbibliothek Nidwalden KBNW<\/li><\/ul>\t\t\t\t\t\t\t\t<\/div>\n\t\t\t\t\t<\/div>\n\t\t\t\t<\/div>\n\t\t<div class=\"elementor-element elementor-element-cdb1eb7 animated-slow e-flex e-con-boxed elementor-invisible e-con e-parent\" data-id=\"cdb1eb7\" data-element_type=\"container\" data-e-type=\"container\" data-settings=\"{&quot;animation&quot;:&quot;fadeInUp&quot;}\">\n\t\t\t\t\t<div class=\"e-con-inner\">\n\t\t\t\t<div class=\"elementor-element elementor-element-3007304 elementor-widget elementor-widget-text-editor\" data-id=\"3007304\" data-element_type=\"widget\" data-e-type=\"widget\" data-widget_type=\"text-editor.default\">\n\t\t\t\t\t\t\t\t\t<h4>Catalogues individuels des autres membres de CSA<\/h4><h4><a href=\"https:\/\/www.recherche-plakatsammlungbasel.ch\/objects\" target=\"_blank\" rel=\"noopener\">Catalogue de l\u2019\u00e9cole des beaux-arts de B\u00e2le (SfG)<\/a><\/h4><h4><a href=\"https:\/\/www.emuseum.ch\/start\" target=\"_blank\" rel=\"noopener noreferrer\">Catalogue du Museum f\u00fcr Gestaltung Z\u00fcrich, ZHDK<\/a><\/h4><h4><a href=\"https:\/\/www.lausanne.ch\/apps\/museris\/?collections=Mus%25C3%25A9e%2520historique%2520de%2520Lausanne&amp;types=affiche&amp;page=2&amp;sort=pertinence\" target=\"_blank\" rel=\"noopener noreferrer\">Catalogue du Mus\u00e9e Historique Lausanne<\/a><\/h4><h4><a href=\"https:\/\/biblio.chaux-de-fonds.ch\/bvcf\/lectures-musique-numeriques\/Pages\/patrimoine-numerise.aspx\" target=\"_blank\" rel=\"noopener\"><span lang=\"FR-CH\">Catalogue de la Biblioth\u00e8que de la Ville &#8211; La Chaux-de-Fonds<\/span><\/a><\/h4><h4><a href=\"https:\/\/www.opac.gr.ch\/discovery\/collectionDiscovery?vid=41BGR_INST:41BGR_V1&amp;collectionId=81101609930006696&amp;lang=de\" target=\"_blank\" rel=\"noopener noreferrer\">Catalogue de la Kantonsbibliothek Graub\u00fcnden<\/a><\/h4><h4><a href=\"http:\/\/datenbanksammlungen.mfk.ch\/eMP\/eMuseumPlus\" target=\"_blank\" rel=\"noopener noreferrer\">Catalogue du mus\u00e9e de la communication<\/a><\/h4><h4><a href=\"https:\/\/www.museums-online.ch\/recherche?lang=fr\" target=\"_blank\" rel=\"noopener noreferrer\">Catalogue de la plate-forme commune pour les collections des mus\u00e9es suisses \u00ab\u00a0museums-online.ch\u00a0\u00bb<\/a><\/h4><p>\u00a0<\/p>\t\t\t\t\t\t\t\t<\/div>\n\t\t\t\t\t<\/div>\n\t\t\t\t<\/div>\n\t\t\t\t<\/div>\n\t\t","protected":false},"excerpt":{"rendered":"<p>RECHERCHE BIBLIOGRAPHIE Cette bibliographie offre une premi\u00e8re aide \u00e0 l&rsquo;orientation dans la vaste publication consacr\u00e9e au th\u00e8me de l&rsquo;affiche suisse. Outre la litt\u00e9rature sp\u00e9cialis\u00e9e de base (livres et articles de revues), elle comprend \u00e9galement des ouvrages sur la cr\u00e9ation d&rsquo;affiches dans certains cantons ainsi que des monographies de graphistes et d&rsquo;ateliers graphiques. Bibliographie sur l\u2019affiche [&hellip;]<\/p>\n","protected":false},"author":1,"featured_media":0,"parent":0,"menu_order":0,"comment_status":"closed","ping_status":"closed","template":"","meta":{"footnotes":""},"class_list":["post-30","page","type-page","status-publish","hentry"],"yoast_head":"<!-- This site is optimized with the Yoast SEO plugin v27.4 - https:\/\/yoast.com\/product\/yoast-seo-wordpress\/ -->\n<title>Recherche - ACCSA | Association Catalogue Collectif Suisse des Affiches<\/title>\n<meta name=\"robots\" content=\"index, follow, max-snippet:-1, max-image-preview:large, max-video-preview:-1\" \/>\n<link rel=\"canonical\" href=\"https:\/\/schweizerplakatsammlungen.ch\/fr\/liens\/\" \/>\n<meta property=\"og:locale\" content=\"fr_FR\" \/>\n<meta property=\"og:type\" content=\"article\" \/>\n<meta property=\"og:title\" content=\"Recherche - ACCSA | Association Catalogue Collectif Suisse des Affiches\" \/>\n<meta property=\"og:description\" content=\"RECHERCHE BIBLIOGRAPHIE Cette bibliographie offre une premi\u00e8re aide \u00e0 l&rsquo;orientation dans la vaste publication consacr\u00e9e au th\u00e8me de l&rsquo;affiche suisse. Outre la litt\u00e9rature sp\u00e9cialis\u00e9e de base (livres et articles de revues), elle comprend \u00e9galement des ouvrages sur la cr\u00e9ation d&rsquo;affiches dans certains cantons ainsi que des monographies de graphistes et d&rsquo;ateliers graphiques. Bibliographie sur l\u2019affiche [&hellip;]\" \/>\n<meta property=\"og:url\" content=\"https:\/\/schweizerplakatsammlungen.ch\/fr\/liens\/\" \/>\n<meta property=\"og:site_name\" content=\"ACCSA | Association Catalogue Collectif Suisse des Affiches\" \/>\n<meta property=\"article:modified_time\" content=\"2026-03-09T10:48:58+00:00\" \/>\n<meta name=\"twitter:card\" content=\"summary_large_image\" \/>\n<meta name=\"twitter:label1\" content=\"Dur\u00e9e de lecture estim\u00e9e\" \/>\n\t<meta name=\"twitter:data1\" content=\"1 minute\" \/>\n<script type=\"application\/ld+json\" class=\"yoast-schema-graph\">{\"@context\":\"https:\\\/\\\/schema.org\",\"@graph\":[{\"@type\":\"WebPage\",\"@id\":\"https:\\\/\\\/schweizerplakatsammlungen.ch\\\/fr\\\/liens\\\/\",\"url\":\"https:\\\/\\\/schweizerplakatsammlungen.ch\\\/fr\\\/liens\\\/\",\"name\":\"Recherche - ACCSA | Association Catalogue Collectif Suisse des Affiches\",\"isPartOf\":{\"@id\":\"https:\\\/\\\/schweizerplakatsammlungen.ch\\\/#website\"},\"datePublished\":\"2018-08-02T09:19:08+00:00\",\"dateModified\":\"2026-03-09T10:48:58+00:00\",\"breadcrumb\":{\"@id\":\"https:\\\/\\\/schweizerplakatsammlungen.ch\\\/fr\\\/liens\\\/#breadcrumb\"},\"inLanguage\":\"fr-FR\",\"potentialAction\":[{\"@type\":\"ReadAction\",\"target\":[\"https:\\\/\\\/schweizerplakatsammlungen.ch\\\/fr\\\/liens\\\/\"]}]},{\"@type\":\"BreadcrumbList\",\"@id\":\"https:\\\/\\\/schweizerplakatsammlungen.ch\\\/fr\\\/liens\\\/#breadcrumb\",\"itemListElement\":[{\"@type\":\"ListItem\",\"position\":1,\"name\":\"Accueil\",\"item\":\"https:\\\/\\\/schweizerplakatsammlungen.ch\\\/fr\\\/\"},{\"@type\":\"ListItem\",\"position\":2,\"name\":\"Recherche\"}]},{\"@type\":\"WebSite\",\"@id\":\"https:\\\/\\\/schweizerplakatsammlungen.ch\\\/#website\",\"url\":\"https:\\\/\\\/schweizerplakatsammlungen.ch\\\/\",\"name\":\"ACCSA | Association Catalogue Collectif Suisse des Affiches\",\"description\":\"\",\"potentialAction\":[{\"@type\":\"SearchAction\",\"target\":{\"@type\":\"EntryPoint\",\"urlTemplate\":\"https:\\\/\\\/schweizerplakatsammlungen.ch\\\/?s={search_term_string}\"},\"query-input\":{\"@type\":\"PropertyValueSpecification\",\"valueRequired\":true,\"valueName\":\"search_term_string\"}}],\"inLanguage\":\"fr-FR\"}]}<\/script>\n<!-- \/ Yoast SEO plugin. -->","yoast_head_json":{"title":"Recherche - ACCSA | Association Catalogue Collectif Suisse des Affiches","robots":{"index":"index","follow":"follow","max-snippet":"max-snippet:-1","max-image-preview":"max-image-preview:large","max-video-preview":"max-video-preview:-1"},"canonical":"https:\/\/schweizerplakatsammlungen.ch\/fr\/liens\/","og_locale":"fr_FR","og_type":"article","og_title":"Recherche - ACCSA | Association Catalogue Collectif Suisse des Affiches","og_description":"RECHERCHE BIBLIOGRAPHIE Cette bibliographie offre une premi\u00e8re aide \u00e0 l&rsquo;orientation dans la vaste publication consacr\u00e9e au th\u00e8me de l&rsquo;affiche suisse. Outre la litt\u00e9rature sp\u00e9cialis\u00e9e de base (livres et articles de revues), elle comprend \u00e9galement des ouvrages sur la cr\u00e9ation d&rsquo;affiches dans certains cantons ainsi que des monographies de graphistes et d&rsquo;ateliers graphiques. Bibliographie sur l\u2019affiche [&hellip;]","og_url":"https:\/\/schweizerplakatsammlungen.ch\/fr\/liens\/","og_site_name":"ACCSA | Association Catalogue Collectif Suisse des Affiches","article_modified_time":"2026-03-09T10:48:58+00:00","twitter_card":"summary_large_image","twitter_misc":{"Dur\u00e9e de lecture estim\u00e9e":"1 minute"},"schema":{"@context":"https:\/\/schema.org","@graph":[{"@type":"WebPage","@id":"https:\/\/schweizerplakatsammlungen.ch\/fr\/liens\/","url":"https:\/\/schweizerplakatsammlungen.ch\/fr\/liens\/","name":"Recherche - ACCSA | Association Catalogue Collectif Suisse des Affiches","isPartOf":{"@id":"https:\/\/schweizerplakatsammlungen.ch\/#website"},"datePublished":"2018-08-02T09:19:08+00:00","dateModified":"2026-03-09T10:48:58+00:00","breadcrumb":{"@id":"https:\/\/schweizerplakatsammlungen.ch\/fr\/liens\/#breadcrumb"},"inLanguage":"fr-FR","potentialAction":[{"@type":"ReadAction","target":["https:\/\/schweizerplakatsammlungen.ch\/fr\/liens\/"]}]},{"@type":"BreadcrumbList","@id":"https:\/\/schweizerplakatsammlungen.ch\/fr\/liens\/#breadcrumb","itemListElement":[{"@type":"ListItem","position":1,"name":"Accueil","item":"https:\/\/schweizerplakatsammlungen.ch\/fr\/"},{"@type":"ListItem","position":2,"name":"Recherche"}]},{"@type":"WebSite","@id":"https:\/\/schweizerplakatsammlungen.ch\/#website","url":"https:\/\/schweizerplakatsammlungen.ch\/","name":"ACCSA | Association Catalogue Collectif Suisse des Affiches","description":"","potentialAction":[{"@type":"SearchAction","target":{"@type":"EntryPoint","urlTemplate":"https:\/\/schweizerplakatsammlungen.ch\/?s={search_term_string}"},"query-input":{"@type":"PropertyValueSpecification","valueRequired":true,"valueName":"search_term_string"}}],"inLanguage":"fr-FR"}]}},"_links":{"self":[{"href":"https:\/\/schweizerplakatsammlungen.ch\/fr\/wp-json\/wp\/v2\/pages\/30","targetHints":{"allow":["GET"]}}],"collection":[{"href":"https:\/\/schweizerplakatsammlungen.ch\/fr\/wp-json\/wp\/v2\/pages"}],"about":[{"href":"https:\/\/schweizerplakatsammlungen.ch\/fr\/wp-json\/wp\/v2\/types\/page"}],"author":[{"embeddable":true,"href":"https:\/\/schweizerplakatsammlungen.ch\/fr\/wp-json\/wp\/v2\/users\/1"}],"replies":[{"embeddable":true,"href":"https:\/\/schweizerplakatsammlungen.ch\/fr\/wp-json\/wp\/v2\/comments?post=30"}],"version-history":[{"count":34,"href":"https:\/\/schweizerplakatsammlungen.ch\/fr\/wp-json\/wp\/v2\/pages\/30\/revisions"}],"predecessor-version":[{"id":2387,"href":"https:\/\/schweizerplakatsammlungen.ch\/fr\/wp-json\/wp\/v2\/pages\/30\/revisions\/2387"}],"wp:attachment":[{"href":"https:\/\/schweizerplakatsammlungen.ch\/fr\/wp-json\/wp\/v2\/media?parent=30"}],"curies":[{"name":"wp","href":"https:\/\/api.w.org\/{rel}","templated":true}]}}